{"id":275,"date":"2021-03-19T09:00:28","date_gmt":"2021-03-19T14:00:28","guid":{"rendered":"https:\/\/www.quatro4.ca\/acerca-de\/"},"modified":"2021-03-19T09:00:32","modified_gmt":"2021-03-19T14:00:32","slug":"acerca-de","status":"publish","type":"page","link":"https:\/\/www.quatro4.ca\/es\/acerca-de\/","title":{"rendered":"acerca de"},"content":{"rendered":"<p>[et_pb_section fb_built=\u00bb1&#8243; _builder_version=\u00bb4.9.2&#8243; _module_preset=\u00bbdefault\u00bb background_color=\u00bb#c6c6c6&#8243; background_image=\u00bbhttps:\/\/www.quatro4.ca\/wp-content\/uploads\/2021\/03\/Quatro-Bistro-Joe-and-Johana-scaled.jpg\u00bb hover_enabled=\u00bb0&#8243; custom_padding=\u00bb186px|||||\u00bb parallax=\u00bbon\u00bb sticky_enabled=\u00bb0&#8243;][et_pb_row column_structure=\u00bb1_2,1_2&#8243; _builder_version=\u00bb4.9.2&#8243; _module_preset=\u00bbdefault\u00bb custom_padding=\u00bb104px||101px|||\u00bb custom_margin=\u00bb|auto|132px|auto||\u00bb][et_pb_column type=\u00bb1_2&#8243; _builder_version=\u00bb4.9.2&#8243; _module_preset=\u00bbdefault\u00bb][\/et_pb_column][et_pb_column type=\u00bb1_2&#8243; _builder_version=\u00bb4.9.2&#8243; _module_preset=\u00bbdefault\u00bb][\/et_pb_column][\/et_pb_row][\/et_pb_section][et_pb_section fb_built=\u00bb1&#8243; _builder_version=\u00bb4.9.2&#8243; _module_preset=\u00bbdefault\u00bb hover_enabled=\u00bb0&#8243; background_enable_image=\u00bboff\u00bb background_enable_color=\u00bboff\u00bb sticky_enabled=\u00bb0&#8243;][et_pb_row _builder_version=\u00bb4.9.2&#8243; _module_preset=\u00bbdefault\u00bb custom_margin=\u00bb13px|auto||auto||\u00bb custom_padding=\u00bb31px|||||\u00bb][et_pb_column type=\u00bb4_4&#8243; _builder_version=\u00bb4.9.2&#8243; _module_preset=\u00bbdefault\u00bb][et_pb_text _builder_version=\u00bb4.9.2&#8243; _module_preset=\u00bbdefault\u00bb header_text_align=\u00bbcenter\u00bb header_text_color=\u00bb#000000&#8243; hover_enabled=\u00bb0&#8243; sticky_enabled=\u00bb0&#8243;]<\/p>\n<h1>AS\u00cd ES COMO TODO COMENZ\u00d3<\/h1>\n<p>[\/et_pb_text][\/et_pb_column][\/et_pb_row][et_pb_row column_structure=\u00bb1_2,1_2&#8243; _builder_version=\u00bb4.9.2&#8243; _module_preset=\u00bbdefault\u00bb][et_pb_column type=\u00bb1_2&#8243; _builder_version=\u00bb4.9.2&#8243; _module_preset=\u00bbdefault\u00bb][et_pb_text _builder_version=\u00bb4.9.2&#8243; _module_preset=\u00bbdefault\u00bb header_2_text_color=\u00bb#000000&#8243; text_orientation=\u00bbcenter\u00bb hover_enabled=\u00bb0&#8243; header_2_text_align=\u00bbcenter\u00bb sticky_enabled=\u00bb0&#8243;]<\/p>\n<h2 style=\"text-align: center;\">Johana<\/h2>\n<p>[\/et_pb_text][\/et_pb_column][et_pb_column type=\u00bb1_2&#8243; _builder_version=\u00bb4.9.2&#8243; _module_preset=\u00bbdefault\u00bb][et_pb_text _builder_version=\u00bb4.9.2&#8243; _module_preset=\u00bbdefault\u00bb header_2_text_color=\u00bb#000000&#8243; text_orientation=\u00bbcenter\u00bb hover_enabled=\u00bb0&#8243; sticky_enabled=\u00bb0&#8243;]<\/p>\n<h2 style=\"text-align: center;\">Joe<\/h2>\n<p>[\/et_pb_text][\/et_pb_column][\/et_pb_row][et_pb_row column_structure=\u00bb1_2,1_2&#8243; _builder_version=\u00bb4.9.2&#8243; _module_preset=\u00bbdefault\u00bb custom_margin=\u00bb-4px|auto||auto||\u00bb][et_pb_column type=\u00bb1_2&#8243; _builder_version=\u00bb4.9.2&#8243; _module_preset=\u00bbdefault\u00bb][et_pb_text _builder_version=\u00bb4.9.2&#8243; _module_preset=\u00bbdefault\u00bb text_font=\u00bb|300|||||||\u00bb background_layout=\u00bbdark\u00bb hover_enabled=\u00bb0&#8243; text_text_color=\u00bb#777777&#8243; sticky_enabled=\u00bb0&#8243;]<\/p>\n<p>Durante mi juventud, el sabor y el olor de la cocina de mi abuela siempre me impresionaron. A principios del 2000, cuando mi familia se mud\u00f3 de Peru a Canad\u00e1, me di cuenta de cu\u00e1nto echaba de menos mi pa\u00eds, mi cultura y mi comida casera. Poco a poco,  comenc\u00e9 a buscar pertenecer a esta maravillosa ciudad llamada Montreal.<\/p>\n<p> Mi curiosidad por diferentes tipos de cocina, como la francesa, la griega y la tailandesa, me ayudaron a descubrir mi pasi\u00f3n por la cocina. Despu\u00e9s de graduarme de la escuela de cocina EMRTM, en Montreal, tuve la oportunidad de trabajar en la gesti\u00f3n de diferentes compa\u00f1\u00edas de restauraci\u00f3n.<\/p>\n<p> Mi deseo de crear una cocina fusion sudamericana y caribe\u00f1a ha dado inicio a mi primer restaurante QUATRO. Tenemos un gran respeto por los productos locales de la region de Quebec y por eso nuestra mission es de trabajar con los mejores productos para poder producir y ofrecer a nuestros futuros clientes una experiencia gastron\u00f3mica local pero con sabores del mundo.<\/p>\n<p>[\/et_pb_text][\/et_pb_column][et_pb_column type=\u00bb1_2&#8243; _builder_version=\u00bb4.9.2&#8243; _module_preset=\u00bbdefault\u00bb][et_pb_text _builder_version=\u00bb4.9.2&#8243; _module_preset=\u00bbdefault\u00bb text_font=\u00bb|300|||||||\u00bb background_layout=\u00bbdark\u00bb hover_enabled=\u00bb0&#8243; text_text_color=\u00bb#777777&#8243; sticky_enabled=\u00bb0&#8243;]<\/p>\n<p>\u201cSi\u00e9ntate y toma nota de cada ingrediente\u201d dir\u00eda mi padre mientras trataba de ense\u00f1arme su amor por el arte de la cocina y c\u00f3mo utilizar los condimentos de nuestra comida del caribe. Despu\u00e9s de crecer en una casa donde mi padre era chef y mi madre era una cocinera de primera l\u00ednea, era natural que me apasionara la cocina. <\/p>\n<p>Despu\u00e9s de graduarme de la universidad, adquir\u00ed las habilidades de gesti\u00f3n, planificaci\u00f3n, resoluci\u00f3n de problemas y toma de decisiones para dirigir cualquier tipo de proyecto. Afortunado de haber viajado a muchos pa\u00edses de Am\u00e9rica Latina y el Caribe, tuve la oportunidad de probar diferentes platos t\u00edpicos y descubrir nuevos aromas y sabores. Compartiendo la misma pasi\u00f3n que Johana, nuestra mision es de compartir nuestro \u201csavoir-faire\u201d: para elaborar un men\u00fa-fusion de productos locales, condimentos del caribe y sudamerica. De este sentimiento que compartimos naci\u00f3 QUATRO.<\/p>\n<p>[\/et_pb_text][\/et_pb_column][\/et_pb_row][\/et_pb_section]<\/p>\n","protected":false},"excerpt":{"rendered":"<p>AS\u00cd ES COMO TODO COMENZ\u00d3JohanaJoeDurante mi juventud, el sabor y el olor de la cocina de mi abuela siempre me impresionaron. A principios del 2000, cuando mi familia se mud\u00f3 de Peru a Canad\u00e1, me di cuenta de cu\u00e1nto echaba de menos mi pa\u00eds, mi cultura y mi comida casera. Poco a poco, comenc\u00e9 a [&hellip;]<\/p>\n","protected":false},"author":1,"featured_media":0,"parent":0,"menu_order":0,"comment_status":"closed","ping_status":"closed","template":"","meta":{"_et_pb_use_builder":"on","_et_pb_old_content":"","_et_gb_content_width":"","_coblocks_attr":"","_coblocks_dimensions":"","_coblocks_responsive_height":"","_coblocks_accordion_ie_support":"","footnotes":""},"class_list":["post-275","page","type-page","status-publish","hentry"],"_links":{"self":[{"href":"https:\/\/www.quatro4.ca\/es\/wp-json\/wp\/v2\/pages\/275","targetHints":{"allow":["GET"]}}],"collection":[{"href":"https:\/\/www.quatro4.ca\/es\/wp-json\/wp\/v2\/pages"}],"about":[{"href":"https:\/\/www.quatro4.ca\/es\/wp-json\/wp\/v2\/types\/page"}],"author":[{"embeddable":true,"href":"https:\/\/www.quatro4.ca\/es\/wp-json\/wp\/v2\/users\/1"}],"replies":[{"embeddable":true,"href":"https:\/\/www.quatro4.ca\/es\/wp-json\/wp\/v2\/comments?post=275"}],"version-history":[{"count":5,"href":"https:\/\/www.quatro4.ca\/es\/wp-json\/wp\/v2\/pages\/275\/revisions"}],"predecessor-version":[{"id":280,"href":"https:\/\/www.quatro4.ca\/es\/wp-json\/wp\/v2\/pages\/275\/revisions\/280"}],"wp:attachment":[{"href":"https:\/\/www.quatro4.ca\/es\/wp-json\/wp\/v2\/media?parent=275"}],"curies":[{"name":"wp","href":"https:\/\/api.w.org\/{rel}","templated":true}]}}